{"id":878,"date":"2025-05-09T14:18:05","date_gmt":"2025-05-09T14:18:05","guid":{"rendered":"https:\/\/nextgrants.com\/about-us\/"},"modified":"2025-10-16T15:59:30","modified_gmt":"2025-10-16T15:59:30","slug":"about-us","status":"publish","type":"page","link":"https:\/\/nextgrants.com\/de_de\/about-us\/","title":{"rendered":"About Us"},"content":{"rendered":"<div data-colibri-id=\"878-c1\" class=\"style-507 style-local-878-c1 position-relative\">\n  <!---->\n  <div data-colibri-component=\"section\" data-colibri-id=\"878-c2\" id=\"about\" class=\"h-section h-section-global-spacing d-flex align-items-lg-center align-items-md-center align-items-center style-512 style-local-878-c2 position-relative\">\n    <!---->\n    <!---->\n    <div class=\"h-section-grid-container h-section-boxed-container\">\n      <!---->\n      <div data-colibri-id=\"878-c3\" class=\"h-row-container gutters-row-lg-0 gutters-row-md-0 gutters-row-0 gutters-row-v-lg-0 gutters-row-v-md-0 gutters-row-v-0 style-513 style-local-878-c3 position-relative\">\n        <!---->\n        <div class=\"h-row justify-content-lg-center justify-content-md-center justify-content-center align-items-lg-stretch align-items-md-stretch align-items-stretch gutters-col-lg-0 gutters-col-md-0 gutters-col-0 gutters-col-v-lg-0 gutters-col-v-md-0 gutters-col-v-0\">\n          <!---->\n          <div class=\"h-column h-column-container d-flex h-col-lg-auto h-col-md-auto h-col-auto style-514-outer style-local-878-c4-outer\">\n            <div data-colibri-id=\"878-c4\" class=\"d-flex h-flex-basis h-column__inner h-px-lg-0 h-px-md-0 h-px-0 v-inner-lg-0 v-inner-md-0 v-inner-0 style-514 style-local-878-c4 position-relative\">\n              <!---->\n              <!---->\n              <div class=\"w-100 h-y-container h-column__content h-column__v-align flex-basis-100 align-self-lg-start align-self-md-start align-self-start\">\n                <!---->\n                <div data-colibri-id=\"878-c5\" class=\"h-global-transition-all h-heading style-516 style-local-878-c5 position-relative h-element\">\n                  <!---->\n                  <div class=\"h-heading__outer style-516 style-local-878-c5\">\n                    <!---->\n                    <!---->\n                    <h2 class=\"\">Unser B\u00fcro im Herzen Europas<\/h2>\n                  <\/div>\n                <\/div>\n                <div data-colibri-id=\"878-c6\" class=\"h-text h-text-component style-517 style-local-878-c6 position-relative h-element\">\n                  <!---->\n                  <!---->\n                  <div class=\"\">\n                    <p>Unser Firmensitz befindet sich in Wien. Von hier aus betreuen wir nationale und internationale Mandanten zur Forschungszulage und Forschungspr\u00e4mie. Durch eine vollst\u00e4ndig digitalisierte Zusammenarbeit und etablierte Kommunikationskan\u00e4le\n                      sind wir jederzeit direkt mit den F\u00f6rderstellen und Finanzbeh\u00f6rden verbunden \u2013 effizient, verl\u00e4sslich und ohne Einschr\u00e4nkungen f\u00fcr unsere Mandanten.<\/p>\n                  <\/div>\n                <\/div>\n              <\/div>\n            <\/div>\n          <\/div>\n          <div class=\"h-column h-column-container d-flex h-col-lg-auto h-col-md-auto h-col-auto style-518-outer style-local-878-c7-outer\">\n            <div data-colibri-id=\"878-c7\" class=\"d-flex h-flex-basis h-column__inner h-ui-empty-state-container h-px-lg-2 h-px-md-2 h-px-2 v-inner-lg-2 v-inner-md-2 v-inner-2 style-518 style-local-878-c7 position-relative\">\n              <!---->\n              <!---->\n              <div class=\"w-100 h-y-container h-column__content h-column__v-align flex-basis-100\">\n                <!---->\n              <\/div>\n            <\/div>\n          <\/div>\n        <\/div>\n      <\/div>\n    <\/div>\n  <\/div>\n  <div data-colibri-component=\"section\" data-colibri-id=\"878-c8\" id=\"about-2\" class=\"h-section h-section-global-spacing d-flex align-items-lg-center align-items-md-center align-items-center style-526 style-local-878-c8 position-relative\">\n    <!---->\n    <!---->\n    <div class=\"h-section-grid-container h-section-boxed-container\">\n      <!---->\n      <div data-colibri-id=\"878-c9\" class=\"h-row-container gutters-row-lg-0 gutters-row-md-0 gutters-row-0 gutters-row-v-lg-0 gutters-row-v-md-0 gutters-row-v-0 style-527 style-local-878-c9 position-relative\">\n        <!---->\n        <div class=\"h-row justify-content-lg-center justify-content-md-center justify-content-center align-items-lg-stretch align-items-md-stretch align-items-stretch gutters-col-lg-0 gutters-col-md-0 gutters-col-0 gutters-col-v-lg-0 gutters-col-v-md-0 gutters-col-v-0\">\n          <!---->\n          <div class=\"h-column h-column-container d-flex h-col-lg-auto h-col-md-auto h-col-auto style-528-outer style-local-878-c10-outer\">\n            <div data-colibri-id=\"878-c10\" class=\"d-flex h-flex-basis h-column__inner h-ui-empty-state-container h-px-lg-0 h-px-md-0 h-px-0 v-inner-lg-0 v-inner-md-0 v-inner-0 style-528 style-local-878-c10 position-relative\">\n              <!---->\n              <!---->\n              <div class=\"w-100 h-y-container h-column__content h-column__v-align flex-basis-100\">\n                <!---->\n              <\/div>\n            <\/div>\n          <\/div>\n          <div class=\"h-column h-column-container d-flex h-col-lg-auto h-col-md-auto h-col-auto style-529-outer style-local-878-c11-outer\">\n            <div data-colibri-id=\"878-c11\" class=\"d-flex h-flex-basis h-column__inner h-px-lg-2 h-px-md-2 h-px-2 v-inner-lg-2 v-inner-md-2 v-inner-2 style-529 style-local-878-c11 position-relative\">\n              <!---->\n              <!---->\n              <div class=\"w-100 h-y-container h-column__content h-column__v-align flex-basis-100 align-self-lg-start align-self-md-start align-self-start\">\n                <!---->\n                <div data-colibri-id=\"878-c12\" class=\"h-global-transition-all h-heading style-531 style-local-878-c12 position-relative h-element\">\n                  <!---->\n                  <div class=\"h-heading__outer style-531 style-local-878-c12\">\n                    <!---->\n                    <!---->\n                    <h2 class=\"\">Interdisziplin\u00e4res Team aus Ingenieuren und technischen Fachautoren<\/h2>\n                  <\/div>\n                <\/div>\n                <div data-colibri-id=\"878-c13\" class=\"h-text h-text-component style-532 style-local-878-c13 position-relative h-element\">\n                  <!---->\n                  <!---->\n                  <div class=\"\">\n                    <p>Diese Kombination bef\u00e4higt uns, selbst komplexe FuE-Vorhaben inhaltlich pr\u00e4zise zu erfassen, schl\u00fcssig zu dokumentieren und in f\u00f6rderf\u00e4hige Antr\u00e4ge zu \u00fcberf\u00fchren &#8211; rechtssicher, pr\u00fcfungsfest und verst\u00e4ndlich f\u00fcr alle involvierten Beh\u00f6rden.<\/p>\n                  <\/div>\n                <\/div>\n              <\/div>\n            <\/div>\n          <\/div>\n        <\/div>\n      <\/div>\n    <\/div>\n  <\/div>\n  <div data-colibri-component=\"section\" data-colibri-id=\"878-c14\" id=\"about-3\" class=\"h-section h-section-global-spacing d-flex align-items-lg-center align-items-md-center align-items-center style-578 style-local-878-c14 position-relative\">\n    <!---->\n    <!---->\n    <div class=\"h-section-grid-container h-section-boxed-container\">\n      <!---->\n      <div data-colibri-id=\"878-c15\" class=\"h-row-container gutters-row-lg-0 gutters-row-md-0 gutters-row-0 gutters-row-v-lg-0 gutters-row-v-md-0 gutters-row-v-0 style-579 style-local-878-c15 position-relative\">\n        <!---->\n        <div class=\"h-row justify-content-lg-center justify-content-md-center justify-content-center align-items-lg-stretch align-items-md-stretch align-items-stretch gutters-col-lg-0 gutters-col-md-0 gutters-col-0 gutters-col-v-lg-0 gutters-col-v-md-0 gutters-col-v-0\">\n          <!---->\n          <div class=\"h-column h-column-container d-flex h-col-lg-auto h-col-md-auto h-col-auto style-580-outer style-local-878-c16-outer\">\n            <div data-colibri-id=\"878-c16\" class=\"d-flex h-flex-basis h-column__inner h-px-lg-0 h-px-md-0 h-px-0 v-inner-lg-0 v-inner-md-0 v-inner-0 style-580 style-local-878-c16 position-relative\">\n              <!---->\n              <!---->\n              <div class=\"w-100 h-y-container h-column__content h-column__v-align flex-basis-100 align-self-lg-start align-self-md-start align-self-start\">\n                <!---->\n                <div data-colibri-id=\"878-c17\" class=\"h-global-transition-all h-heading style-582 style-local-878-c17 position-relative h-element\">\n                  <!---->\n                  <div class=\"h-heading__outer style-582 style-local-878-c17\">\n                    <!---->\n                    <!---->\n                    <h2 class=\"\">Unsere Vision<\/h2>\n                  <\/div>\n                <\/div>\n                <div data-colibri-id=\"878-c18\" class=\"h-text h-text-component style-583 style-local-878-c18 position-relative h-element\">\n                  <!---->\n                  <!---->\n                  <div class=\"\">\n                    <p>Unsere Vision ist es, der vertrauensw\u00fcrdige Partner f\u00fcr Innovationsf\u00f6rderung in Europa zu werden. Wir m\u00f6chten es Unternehmen erm\u00f6glichen, sich ganz auf ihre Durchbr\u00fcche zu konzentrieren, w\u00e4hrend wir F\u00f6rderungen f\u00fcr Forschung und Entwicklung\n                      nahtlos, schnell und zug\u00e4nglich machen. Dabei setzen wir den Standard f\u00fcr Transparenz, Effizienz und Verl\u00e4sslichkeit in der Beantragung von F&amp;E-Steuervorteilen.<\/p>\n                  <\/div>\n                <\/div>\n              <\/div>\n            <\/div>\n          <\/div>\n          <div class=\"h-column h-column-container d-flex h-col-lg-auto h-col-md-auto h-col-auto style-584-outer style-local-878-c19-outer\">\n            <div data-colibri-id=\"878-c19\" class=\"d-flex h-flex-basis h-column__inner h-ui-empty-state-container h-px-lg-2 h-px-md-2 h-px-2 v-inner-lg-2 v-inner-md-2 v-inner-2 style-584 style-local-878-c19 position-relative\">\n              <!---->\n              <!---->\n              <div class=\"w-100 h-y-container h-column__content h-column__v-align flex-basis-100\">\n                <!---->\n              <\/div>\n            <\/div>\n          <\/div>\n        <\/div>\n      <\/div>\n    <\/div>\n  <\/div>\n  <div data-colibri-component=\"section\" data-colibri-id=\"878-c20\" id=\"about-4\" class=\"h-section h-section-global-spacing d-flex align-items-lg-center align-items-md-center align-items-center style-606 style-local-878-c20 position-relative\">\n    <!---->\n    <!---->\n    <div class=\"h-section-grid-container h-section-boxed-container\">\n      <!---->\n      <div data-colibri-id=\"878-c21\" class=\"h-row-container gutters-row-lg-0 gutters-row-md-0 gutters-row-0 gutters-row-v-lg-0 gutters-row-v-md-0 gutters-row-v-0 style-607 style-local-878-c21 position-relative\">\n        <!---->\n        <div class=\"h-row justify-content-lg-center justify-content-md-center justify-content-center align-items-lg-stretch align-items-md-stretch align-items-stretch gutters-col-lg-0 gutters-col-md-0 gutters-col-0 gutters-col-v-lg-0 gutters-col-v-md-0 gutters-col-v-0\">\n          <!---->\n          <div class=\"h-column h-column-container d-flex h-col-lg-auto h-col-md-auto h-col-auto style-608-outer style-local-878-c22-outer\">\n            <div data-colibri-id=\"878-c22\" class=\"d-flex h-flex-basis h-column__inner h-ui-empty-state-container h-px-lg-0 h-px-md-0 h-px-0 v-inner-lg-0 v-inner-md-0 v-inner-0 style-608 style-local-878-c22 position-relative\">\n              <!---->\n              <!---->\n              <div class=\"w-100 h-y-container h-column__content h-column__v-align flex-basis-100\">\n                <!---->\n              <\/div>\n            <\/div>\n          <\/div>\n          <div class=\"h-column h-column-container d-flex h-col-lg-auto h-col-md-auto h-col-auto style-609-outer style-local-878-c23-outer\">\n            <div data-colibri-id=\"878-c23\" class=\"d-flex h-flex-basis h-column__inner h-px-lg-2 h-px-md-2 h-px-2 v-inner-lg-2 v-inner-md-2 v-inner-2 style-609 style-local-878-c23 position-relative\">\n              <!---->\n              <!---->\n              <div class=\"w-100 h-y-container h-column__content h-column__v-align flex-basis-100 align-self-lg-start align-self-md-start align-self-start\">\n                <!---->\n                <div data-colibri-id=\"878-c24\" class=\"h-global-transition-all h-heading style-611 style-local-878-c24 position-relative h-element\">\n                  <!---->\n                  <div class=\"h-heading__outer style-611 style-local-878-c24\">\n                    <!---->\n                    <!---->\n                    <h2 class=\"\">Unsere Mission<\/h2>\n                  <\/div>\n                <\/div>\n                <div data-colibri-id=\"878-c25\" class=\"h-text h-text-component style-612 style-local-878-c25 position-relative h-element\">\n                  <!---->\n                  <!---->\n                  <div class=\"\">\n                    <p>Unsere Mission ist es, Unternehmen jeder Gr\u00f6\u00dfe dabei zu unterst\u00fctzen, das volle Potenzial ihrer Forschungs- und Entwicklungsarbeit auszusch\u00f6pfen. Wir erleichtern den Zugang zu F\u00f6rdermitteln, indem wir mit fachlicher Expertise, rechtskonformen\n                      Antr\u00e4gen und individuellen Strategien daf\u00fcr sorgen, dass unsere Kunden maximale F\u00f6rderung mit minimalem Aufwand erhalten.<\/p>\n                  <\/div>\n                <\/div>\n              <\/div>\n            <\/div>\n          <\/div>\n        <\/div>\n      <\/div>\n    <\/div>\n  <\/div>\n<\/div>","protected":false},"excerpt":{"rendered":"<p>Unser B\u00fcro im Herzen Europas Unser Firmensitz befindet sich in Wien. Von hier [&hellip;]<\/p>\n","protected":false},"author":1,"featured_media":99,"parent":0,"menu_order":0,"comment_status":"closed","ping_status":"closed","template":"page-templates\/full-width-page.php","meta":{"_uag_custom_page_level_css":"","footnotes":""},"class_list":["post-878","page","type-page","status-publish","has-post-thumbnail","hentry"],"aioseo_notices":[],"uagb_featured_image_src":{"full":["https:\/\/nextgrants.com\/wp-content\/uploads\/2020\/10\/pexels-photo-2422294.jpeg",2500,1765,false],"thumbnail":["https:\/\/nextgrants.com\/wp-content\/uploads\/2020\/10\/pexels-photo-2422294-150x150.jpeg",150,150,true],"medium":["https:\/\/nextgrants.com\/wp-content\/uploads\/2020\/10\/pexels-photo-2422294-300x212.jpeg",300,212,true],"medium_large":["https:\/\/nextgrants.com\/wp-content\/uploads\/2020\/10\/pexels-photo-2422294-768x542.jpeg",768,542,true],"large":["https:\/\/nextgrants.com\/wp-content\/uploads\/2020\/10\/pexels-photo-2422294-1024x723.jpeg",1024,723,true],"1536x1536":["https:\/\/nextgrants.com\/wp-content\/uploads\/2020\/10\/pexels-photo-2422294-1536x1084.jpeg",1536,1084,true],"2048x2048":["https:\/\/nextgrants.com\/wp-content\/uploads\/2020\/10\/pexels-photo-2422294-2048x1446.jpeg",2048,1446,true],"trp-custom-language-flag":["https:\/\/nextgrants.com\/wp-content\/uploads\/2020\/10\/pexels-photo-2422294.jpeg",18,12,false]},"uagb_author_info":{"display_name":"thomas.moser.boscheri@gmail.com","author_link":"https:\/\/nextgrants.com\/de_de\/author\/thomas-moser-boscherigmail-com\/"},"uagb_comment_info":0,"uagb_excerpt":"Unser B\u00fcro im Herzen Europas Unser Firmensitz befindet sich in Wien. Von hier [&hellip;]","_links":{"self":[{"href":"https:\/\/nextgrants.com\/de_de\/wp-json\/wp\/v2\/pages\/878","targetHints":{"allow":["GET"]}}],"collection":[{"href":"https:\/\/nextgrants.com\/de_de\/wp-json\/wp\/v2\/pages"}],"about":[{"href":"https:\/\/nextgrants.com\/de_de\/wp-json\/wp\/v2\/types\/page"}],"author":[{"embeddable":true,"href":"https:\/\/nextgrants.com\/de_de\/wp-json\/wp\/v2\/users\/1"}],"replies":[{"embeddable":true,"href":"https:\/\/nextgrants.com\/de_de\/wp-json\/wp\/v2\/comments?post=878"}],"version-history":[{"count":5,"href":"https:\/\/nextgrants.com\/de_de\/wp-json\/wp\/v2\/pages\/878\/revisions"}],"predecessor-version":[{"id":3090,"href":"https:\/\/nextgrants.com\/de_de\/wp-json\/wp\/v2\/pages\/878\/revisions\/3090"}],"wp:featuredmedia":[{"embeddable":true,"href":"https:\/\/nextgrants.com\/de_de\/wp-json\/wp\/v2\/media\/99"}],"wp:attachment":[{"href":"https:\/\/nextgrants.com\/de_de\/wp-json\/wp\/v2\/media?parent=878"}],"curies":[{"name":"wp","href":"https:\/\/api.w.org\/{rel}","templated":true}]}}