{"id":35,"date":"2025-05-08T08:38:23","date_gmt":"2025-05-08T08:38:23","guid":{"rendered":"http:\/\/nextgrants.com\/testimonials\/"},"modified":"2026-02-18T15:01:30","modified_gmt":"2026-02-18T15:01:30","slug":"impressum","status":"publish","type":"page","link":"https:\/\/nextgrants.com\/en\/impressum\/","title":{"rendered":"Imprint"},"content":{"rendered":"<div data-colibri-id=\"35-c1\" class=\"style-559 style-local-35-c1 position-relative\">\r\n  <!---->\r\n  <div data-colibri-component=\"section\" data-colibri-id=\"35-c2\" id=\"initial-content\" class=\"h-section h-section-global-spacing d-flex align-items-lg-center align-items-md-center align-items-center style-560 style-local-35-c2 position-relative\">\r\n    <!---->\r\n    <!---->\r\n    <div class=\"h-section-grid-container h-section-boxed-container\">\r\n      <!---->\r\n      <div data-colibri-id=\"35-c3\" class=\"h-row-container gutters-row-lg-2 gutters-row-md-2 gutters-row-0 gutters-row-v-lg-2 gutters-row-v-md-2 gutters-row-v-2 style-561 style-local-35-c3 position-relative\">\r\n        <!---->\r\n        <div class=\"h-row justify-content-lg-center justify-content-md-center justify-content-center align-items-lg-stretch align-items-md-stretch align-items-stretch gutters-col-lg-2 gutters-col-md-2 gutters-col-0 gutters-col-v-lg-2 gutters-col-v-md-2 gutters-col-v-2\">\r\n          <!---->\r\n          <div class=\"h-column h-column-container d-flex h-col-lg-auto h-col-md-auto h-col-auto style-562-outer style-local-35-c4-outer\">\r\n            <div data-colibri-id=\"35-c4\" class=\"d-flex h-flex-basis h-column__inner h-px-lg-2 h-px-md-2 h-px-2 v-inner-lg-2 v-inner-md-2 v-inner-2 style-562 style-local-35-c4 position-relative\">\r\n              <!---->\r\n              <!---->\r\n              <div class=\"w-100 h-y-container h-column__content h-column__v-align flex-basis-100 align-self-lg-start align-self-md-start align-self-start\">\r\n                <!---->\r\n                <div data-colibri-id=\"35-c5\" class=\"h-text h-text-component style-564 style-local-35-c5 position-relative h-element\">\r\n                  <!---->\r\n                  <!---->\r\n                  <div class=\"\">\r\n                    <h4>Imprint<\/h4>\r\n                    <p><strong>Informationen und Offenlegung gem\u00e4\u00df \u00a75 (1) ECG, \u00a7 25 MedienG, \u00a7 63 GewO und \u00a7 14 UGB<\/strong><\/p>\r\n                    <p><strong>Webseitenbetreiber:<\/strong>&nbsp;Nextgrants GmbH\r\n                      <br><strong>Anschrift:<\/strong>&nbsp;Riedhofgasse 6, 2372 Gie\u00dfh\u00fcbl<\/p>\r\n                    <p><strong>Firmenbuchnummer<\/strong>:&nbsp;FN 660840z<\/p>\r\n                    <p><strong>Gesch\u00e4ftsf\u00fchrer<\/strong>: Thomas Moser\r\n                      <br><strong>Gewerbeberechtigung<\/strong>: Unternehmensberatung f\u00fcr betriebswirtschaftliche Belange<\/p>\r\n                    <p><strong>Gewerbeaufsichtbeh\u00f6rde:<\/strong>&nbsp;Aufsichtsbeh\u00f6rde Wien\r\n                      <br><strong>Kontaktdaten:<\/strong>\r\n                      <br>Email: thomas@nextgrants.com\r\n                      <br><strong>Anwendbare Rechtsvorschrift:<\/strong>&nbsp;www.ris.bka.gv.at\r\n                      <br>\r\n                    <\/p>\r\n                    <p><strong>Online Streitbeilegung:<\/strong>&nbsp;Verbraucher, welche in \u00d6sterreich oder in einem sonstigen Vertragsstaat der ODR-VO niedergelassen sind, haben die M\u00f6glichkeit Probleme bez\u00fcglich dem entgeltlichen Kauf von Waren oder Dienstleistungen\r\n                      im Rahmen einer Online-Streitbeilegung (nach OS, AStG) zu l\u00f6sen. Die Europa\u0308ische Kommission stellt eine Plattform hierf\u00fcr bereit: https:\/\/ec.europa.eu\/consumers\/odr<\/p>\r\n                    <p>\r\n                      <br>\r\n                    <\/p>\r\n                    <p><strong>Urheberrecht:<\/strong>&nbsp;Die Inhalte dieser Webseite unterliegen, soweit dies rechtlich m\u00f6glich ist, diversen Schutzrechten (z.B. dem Urheberrecht). Jegliche Verwendung\/Verbreitung von bereitgestelltem Material, welche urheberrechtlich\r\n                      untersagt ist, bedarf schriftlicher Zustimmung des Webseitenbetreibers.<\/p>\r\n                    <p><strong>Haftungsausschluss:<\/strong>&nbsp;Trotz sorgf\u00e4ltiger inhaltlicher Kontrolle \u00fcbernimmt der Webseitenbetreiber dieser Webseite keine Haftung f\u00fcr die Inhalte externer Links. F\u00fcr den Inhalt der verlinkten Seiten sind ausschlie\u00dflich\r\n                      deren Betreiber verantwortlich. Sollten Sie dennoch auf ausgehende Links aufmerksam werden, welche auf eine Webseite mit rechtswidriger T\u00e4tigkeit\/Information verweisen, ersuchen wir um dementsprechenden Hinweis, um diese nach \u00a7 17\r\n                      Abs. 2 ECG umgehend zu entfernen.\r\n                      <br>Die Urheberrechte Dritter werden vom Betreiber dieser Webseite mit gr\u00f6\u00dfter Sorgfalt beachtet. Sollten Sie trotzdem auf eine Urheberrechtsverletzung aufmerksam werden, bitten wir um einen entsprechenden Hinweis. Bei Bekanntwerden\r\n                      derartiger Rechtsverletzungen werden wir den betroffenen Inhalt umgehend entfernen.<\/p>\r\n                    <p>\r\n                      <br>\r\n                    <\/p>\r\n                  <\/div>\r\n                <\/div>\r\n              <\/div>\r\n            <\/div>\r\n          <\/div>\r\n        <\/div>\r\n      <\/div>\r\n    <\/div>\r\n  <\/div>\r\n<\/div>","protected":false},"excerpt":{"rendered":"<p>Impressum Informationen und Offenlegung gem\u00e4\u00df \u00a75 (1) ECG, \u00a7 25 MedienG, \u00a7 63 [&hellip;]<\/p>","protected":false},"author":1,"featured_media":0,"parent":0,"menu_order":0,"comment_status":"closed","ping_status":"closed","template":"page-templates\/full-width-page.php","meta":{"_uag_custom_page_level_css":"","footnotes":""},"class_list":["post-35","page","type-page","status-publish","hentry"],"aioseo_notices":[],"uagb_featured_image_src":{"full":false,"thumbnail":false,"medium":false,"medium_large":false,"large":false,"1536x1536":false,"2048x2048":false,"trp-custom-language-flag":false},"uagb_author_info":{"display_name":"thomas.moser.boscheri@gmail.com","author_link":"https:\/\/nextgrants.com\/en\/author\/thomas-moser-boscherigmail-com\/"},"uagb_comment_info":0,"uagb_excerpt":"Impressum Informationen und Offenlegung gem\u00e4\u00df \u00a75 (1) ECG, \u00a7 25 MedienG, \u00a7 63 [&hellip;]","_links":{"self":[{"href":"https:\/\/nextgrants.com\/en\/wp-json\/wp\/v2\/pages\/35","targetHints":{"allow":["GET"]}}],"collection":[{"href":"https:\/\/nextgrants.com\/en\/wp-json\/wp\/v2\/pages"}],"about":[{"href":"https:\/\/nextgrants.com\/en\/wp-json\/wp\/v2\/types\/page"}],"author":[{"embeddable":true,"href":"https:\/\/nextgrants.com\/en\/wp-json\/wp\/v2\/users\/1"}],"replies":[{"embeddable":true,"href":"https:\/\/nextgrants.com\/en\/wp-json\/wp\/v2\/comments?post=35"}],"version-history":[{"count":12,"href":"https:\/\/nextgrants.com\/en\/wp-json\/wp\/v2\/pages\/35\/revisions"}],"predecessor-version":[{"id":3174,"href":"https:\/\/nextgrants.com\/en\/wp-json\/wp\/v2\/pages\/35\/revisions\/3174"}],"wp:attachment":[{"href":"https:\/\/nextgrants.com\/en\/wp-json\/wp\/v2\/media?parent=35"}],"curies":[{"name":"wp","href":"https:\/\/api.w.org\/{rel}","templated":true}]}}