{"id":37,"date":"2025-05-08T08:38:23","date_gmt":"2025-05-08T08:38:23","guid":{"rendered":"http:\/\/nextgrants.com\/contact\/"},"modified":"2025-05-19T20:29:35","modified_gmt":"2025-05-19T20:29:35","slug":"agbs","status":"publish","type":"page","link":"https:\/\/nextgrants.com\/en\/agbs\/","title":{"rendered":"Terms and Conditions"},"content":{"rendered":"<div data-colibri-id=\"37-c1\" class=\"style-553 style-local-37-c1 position-relative\">\n  <!---->\n  <div data-colibri-component=\"section\" data-colibri-id=\"37-c2\" id=\"initial-content\" class=\"h-section h-section-global-spacing d-flex align-items-lg-center align-items-md-center align-items-center style-554 style-local-37-c2 position-relative\">\n    <!---->\n    <!---->\n    <div class=\"h-section-grid-container h-section-boxed-container\">\n      <!---->\n      <div data-colibri-id=\"37-c3\" class=\"h-row-container gutters-row-lg-2 gutters-row-md-2 gutters-row-0 gutters-row-v-lg-2 gutters-row-v-md-2 gutters-row-v-2 style-555 style-local-37-c3 position-relative\">\n        <!---->\n        <div class=\"h-row justify-content-lg-center justify-content-md-center justify-content-center align-items-lg-stretch align-items-md-stretch align-items-stretch gutters-col-lg-2 gutters-col-md-2 gutters-col-0 gutters-col-v-lg-2 gutters-col-v-md-2 gutters-col-v-2\">\n          <!---->\n          <div class=\"h-column h-column-container d-flex h-col-lg-auto h-col-md-auto h-col-auto style-556-outer style-local-37-c4-outer\">\n            <div data-colibri-id=\"37-c4\" class=\"d-flex h-flex-basis h-column__inner h-px-lg-2 h-px-md-2 h-px-2 v-inner-lg-2 v-inner-md-2 v-inner-2 style-556 style-local-37-c4 position-relative\">\n              <!---->\n              <!---->\n              <div class=\"w-100 h-y-container h-column__content h-column__v-align flex-basis-100 align-self-lg-start align-self-md-start align-self-start\">\n                <!---->\n                <div data-colibri-id=\"37-c6\" class=\"h-text h-text-component style-558 style-local-37-c6 position-relative h-element\">\n                  <!---->\n                  <!---->\n                  <div class=\"\">\n                    <p>Diese Website wird von nextgrants consulting (nachfolgend \u201ewir\u201c, \u201euns\u201c, \u201eunser\/e\u201c) betrieben.<\/p>\n                    <p>Die folgenden Allgemeinen Gesch\u00e4fts\u00adbedingungen (\u201eAGB\u201c, \u201eBedingungen\u201c) regeln den Zugriff auf sowie die Nutzung dieser Website einschlie\u00dflich aller Informationen, Tools und Dienste, die wir hier anbieten. Mit dem Besuch oder der Nutzung\n                      der Website erkennen Sie diese AGB als verbindlich an.<\/p>\n                    <p>ABSCHNITT 1 \u2013 NUTZUNGS\u00adVORAUSSETZUNGEN DER WEBSITE<\/p>\n                    <p>Sie m\u00fcssen in Ihrem Wohnsitzland voll\u00adj\u00e4hrig sein oder die Zustimmung Ihrer\/Ihres Erziehungs\u00adberechtigten haben.<\/p>\n                    <p>Die Website darf nur zu recht\u00adm\u00e4\u00dfigen Zwecken genutzt werden.<\/p>\n                    <p>Jegliche Form von Schadsoftware, Hacking, Daten\u00admanipulation oder sonstiger miss\u00adbr\u00e4uchlicher Nutzung ist untersagt.<\/p>\n                    <p>ABSCHNITT 2 \u2013 ALLGEMEINE BESTIMMUNGEN<\/p>\n                    <p>Wir k\u00f6nnen den Zugriff auf die Website jederzeit und ohne Angabe von Gr\u00fcnden einschr\u00e4nken oder verweigern.<\/p>\n                    <p>Au\u00dfer Kredit\u00adkarten\u00addaten (sofern online Zahlungen m\u00f6glich sind) k\u00f6nnen \u00fcbermittelte Daten unverschl\u00fcsselt \u00fcber Netzwerke \u00fcbertragen werden.<\/p>\n                    <p>Ohne unsere ausdr\u00fcckliche schrift\u00adliche Genehmigung d\u00fcrfen Inhalte dieser Website nicht kopiert, vervielf\u00e4ltigt oder weiterverwertet werden.<\/p>\n                    <p>ABSCHNITT 3 \u2013 GENAUIGKEIT, VOLLST\u00c4NDIGKEIT &amp; AKTUALIT\u00c4T DER INFORMATIONEN<\/p>\n                    <p>Alle Inhalte dienen der allgemeinen Information. Obwohl wir sie sorgf\u00e4ltig pr\u00fcfen, k\u00f6nnen Fehler oder veraltete Angaben nicht ausgeschlossen werden. Entscheidungen sollten daher nicht ausschlie\u00dflich auf Basis der bereitgestellten Informationen\n                      getroffen werden.<\/p>\n                    <p>ABSCHNITT 4 \u2013 \u00c4NDERUNGEN AN LEISTUNGEN<\/p>\n                    <p>Unsere Beratungs\u00adleistungen sowie die Inhalte der Website k\u00f6nnen jederzeit ohne vorherige Ank\u00fcndigung ge\u00e4ndert, erweitert oder eingestellt werden.<\/p>\n                    <p>ABSCHNITT 5 \u2013 DIENSTLEISTUNGEN<\/p>\n                    <p>Art der Leistungen: Wir bieten ausschlie\u00dflich Beratungs- und Informations\u00adleistungen an. Es erfolgt kein Warenverkauf \u00fcber diese Website.<\/p>\n                    <p>Verf\u00fcgbarkeit: Leistungen k\u00f6nnen in Umfang und Verf\u00fcgbarkeit begrenzt sein. Ein verbindliches Angebot kommt erst durch unsere schrift\u00adliche Auftrags\u00adbest\u00e4tigung zustande.<\/p>\n                    <p>ABSCHNITT 6 \u2013 RECHNUNGS- UND KONTOINFORMATIONEN<\/p>\n                    <p>F\u00fcr alle Auftr\u00e4ge m\u00fcssen korrekte, vollst\u00e4ndige und aktuelle Rechnungs- sowie Kontakt\u00addaten angegeben werden. Wir behalten uns das Recht vor, Anfragen oder Auftr\u00e4ge abzulehnen oder zu begrenzen.<\/p>\n                    <p>ABSCHNITT 7 \u2013 ZUS\u00c4TZLICHE TOOLS<\/p>\n                    <p>Wir k\u00f6nnen Tools oder Dienste Dritter \u201ewie besehen\u201c zur Verf\u00fcgung stellen, ohne Gew\u00e4hr\u00adleistung oder Haftung f\u00fcr deren Funktion.<\/p>\n                    <p>ABSCHNITT 8 \u2013 LINKS ZU DRITTANBIETERN<\/p>\n                    <p>Externe Links f\u00fchren zu Websites, die nicht unserem Einfluss unterliegen. F\u00fcr deren Inhalte \u00fcbernehmen wir keine Verantwortung; die Nutzung erfolgt auf eigenes Risiko.<\/p>\n                    <p>ABSCHNITT 9 \u2013 BENUTZERBEITR\u00c4GE<\/p>\n                    <p>Von Nutzer*innen eingesandte Kommentare, Ideen oder Vorschl\u00e4ge d\u00fcrfen von uns ohne Verg\u00fctung gespeichert, bearbeitet und ver\u00f6ffentlicht werden, sofern sie keine Rechte Dritter verletzen oder gegen geltendes Recht versto\u00dfen.<\/p>\n                    <p>ABSCHNITT 10 \u2013 DATENSCHUTZ<\/p>\n                    <p>Die Verarbeitung personen\u00adbezogener Daten erfolgt gem\u00e4\u00df unserer Datenschutzerkl\u00e4rung.<\/p>\n                    <p>ABSCHNITT 11 \u2013 FEHLER, UNGENAUIGKEITEN &amp; AUSLASSUNGEN<\/p>\n                    <p>Irrt\u00fcmer bei Beschreibungen, Preisen oder Verf\u00fcgbarkeiten unserer Leistungen k\u00f6nnen auftreten. Wir k\u00f6nnen solche Fehler jederzeit korrigieren, auch nach Ihrer Kontakt\u00adaufnahme.<\/p>\n                    <p>ABSCHNITT 12 \u2013 VERBOTENE NUTZUNGEN<\/p>\n                    <p>Die Website oder deren Inhalte d\u00fcrfen insbesondere nicht genutzt werden, um<\/p>\n                    <p>a) rechtswidrige Handlungen vorzunehmen,<\/p>\n                    <p>b) Rechte Dritter zu verletzen,<\/p>\n                    <p>c) Viren oder sch\u00e4dlichen Code zu verbreiten,<\/p>\n                    <p>d) pers\u00f6nliche Daten Dritter zu sammeln,<\/p>\n                    <p>e) unsere Sicherheits\u00admechanismen zu umgehen.<\/p>\n                    <p>ABSCHNITT 13 \u2013 HAFTUNGSAUSSCHLUSS &amp; HAFTUNGS\u00adBESCHR\u00c4NKUNG<\/p>\n                    <p>Wir gew\u00e4hrleisten nicht, dass die Website ohne Unterbrechung oder fehlerfrei funktioniert.<\/p>\n                    <p>Beratungs\u00adergebnisse h\u00e4ngen von individuellen Faktoren ab; wir \u00fcbernehmen keine Gew\u00e4hr f\u00fcr bestimmte Erfolge.<\/p>\n                    <p>F\u00fcr direkte oder indirekte Sch\u00e4den, die aus der Nutzung der Website oder der darauf bereitgestellten Informationen resultieren, haften wir nur bei Vorsatz und grober Fahrl\u00e4ssigkeit und \u2013 soweit gesetzlich zul\u00e4ssig \u2013 maximal bis zur\n                      H\u00f6he des vorhersehbaren Schadens.<\/p>\n                    <p>ABSCHNITT 14 \u2013 FREISTELLUNG<\/p>\n                    <p>Sie stellen uns sowie unsere Mitarbeitenden von s\u00e4mtlichen Anspr\u00fcchen Dritter frei, die aus Ihrer rechts\u00adwidrigen Nutzung der Website oder einer Verletzung dieser AGB resultieren.<\/p>\n                    <p>ABSCHNITT 15 \u2013 SALVATORISCHE KLAUSEL<\/p>\n                    <p>Sollten einzelne Bestimmungen ganz oder teilweise unwirksam sein, bleibt die Wirksamkeit der \u00fcbrigen Bestimmungen unber\u00fchrt. Die unwirksame Bestimmung gilt als durch eine wirksame ersetzt, die ihrem wirtschaftlichen Zweck am n\u00e4chsten\n                      kommt.<\/p>\n                    <p>ABSCHNITT 16 \u2013 K\u00dcNDIGUNG<\/p>\n                    <p>Diese AGB gelten, bis sie von uns aktualisiert oder von Ihnen durch Einstellen der Nutzung beendet werden. Pflichten, die vor Beendigung entstanden sind (z. B. Zahlungs\u00adverpflichtungen), bleiben bestehen.<\/p>\n                    <p>ABSCHNITT 17 \u2013 GESAMTE VEREINBARUNG<\/p>\n                    <p>Diese AGB enthalten die vollst\u00e4ndige Vereinbarung zwischen Ihnen und uns bez\u00fcglich der Nutzung dieser Website und ersetzen alle vorherigen m\u00fcndlichen oder schriftlichen Absprachen.<\/p>\n                  <\/div>\n                <\/div>\n              <\/div>\n            <\/div>\n          <\/div>\n        <\/div>\n      <\/div>\n    <\/div>\n  <\/div>\n<\/div>","protected":false},"excerpt":{"rendered":"<p>Diese Website wird von nextgrants consulting (nachfolgend \u201ewir\u201c, \u201euns\u201c, \u201eunser\/e\u201c) betrieben. Die folgenden [&hellip;]<\/p>","protected":false},"author":1,"featured_media":0,"parent":0,"menu_order":0,"comment_status":"closed","ping_status":"closed","template":"page-templates\/full-width-page.php","meta":{"_uag_custom_page_level_css":"","footnotes":""},"class_list":["post-37","page","type-page","status-publish","hentry"],"aioseo_notices":[],"uagb_featured_image_src":{"full":false,"thumbnail":false,"medium":false,"medium_large":false,"large":false,"1536x1536":false,"2048x2048":false,"trp-custom-language-flag":false},"uagb_author_info":{"display_name":"thomas.moser.boscheri@gmail.com","author_link":"https:\/\/nextgrants.com\/en\/author\/thomas-moser-boscherigmail-com\/"},"uagb_comment_info":0,"uagb_excerpt":"Diese Website wird von nextgrants consulting (nachfolgend \u201ewir\u201c, \u201euns\u201c, \u201eunser\/e\u201c) betrieben. Die folgenden [&hellip;]","_links":{"self":[{"href":"https:\/\/nextgrants.com\/en\/wp-json\/wp\/v2\/pages\/37","targetHints":{"allow":["GET"]}}],"collection":[{"href":"https:\/\/nextgrants.com\/en\/wp-json\/wp\/v2\/pages"}],"about":[{"href":"https:\/\/nextgrants.com\/en\/wp-json\/wp\/v2\/types\/page"}],"author":[{"embeddable":true,"href":"https:\/\/nextgrants.com\/en\/wp-json\/wp\/v2\/users\/1"}],"replies":[{"embeddable":true,"href":"https:\/\/nextgrants.com\/en\/wp-json\/wp\/v2\/comments?post=37"}],"version-history":[{"count":4,"href":"https:\/\/nextgrants.com\/en\/wp-json\/wp\/v2\/pages\/37\/revisions"}],"predecessor-version":[{"id":2941,"href":"https:\/\/nextgrants.com\/en\/wp-json\/wp\/v2\/pages\/37\/revisions\/2941"}],"wp:attachment":[{"href":"https:\/\/nextgrants.com\/en\/wp-json\/wp\/v2\/media?parent=37"}],"curies":[{"name":"wp","href":"https:\/\/api.w.org\/{rel}","templated":true}]}}